{"id":632,"date":"2025-09-28T03:06:39","date_gmt":"2025-09-28T03:06:39","guid":{"rendered":"https:\/\/unpaz.tl\/?page_id=632"},"modified":"2025-09-28T04:45:26","modified_gmt":"2025-09-28T04:45:26","slug":"faculty-of-social-science-and-humanities","status":"publish","type":"page","link":"https:\/\/unpaz.tl\/tl\/faculty-of-social-science-and-humanities\/","title":{"rendered":"Fakuldade Si\u00e9nsia Sosi\u00e1l no Umanidade"},"content":{"rendered":"<div id=\"metaslider-id-358\" style=\"width: 100%; margin: 0 auto;\" class=\"ml-slider-3-101-0 metaslider metaslider-flex metaslider-358 ml-slider has-dots-nav ms-theme-default-base\" role=\"region\" aria-label=\"Social Science and Humanities\" data-height=\"300\" data-width=\"600\">\n    <div id=\"metaslider_container_358\">\n        <div id=\"metaslider_358\">\n            <ul aria-live='off' class='slides'>\n                <li style=\"display: block; width: 100%;\" class=\"slide-503 ms-image\" aria-roledescription=\"slide\" data-date=\"2025-09-27 23:56:39\"><img loading=\"lazy\" decoding=\"async\" src=\"https:\/\/unpaz.tl\/wp-content\/uploads\/2025\/09\/349970616_3370903199816527_9168132880184447739_n-600x300.jpg\" height=\"300\" width=\"600\" alt=\"\" class=\"slider-358 slide-503 msDefaultImage\" title=\"349970616_3370903199816527_9168132880184447739_n\" \/><\/li>\n                <li style=\"display: none; width: 100%;\" class=\"slide-504 ms-image\" aria-roledescription=\"slide\" data-date=\"2025-09-27 23:56:40\"><img loading=\"lazy\" decoding=\"async\" src=\"https:\/\/unpaz.tl\/wp-content\/uploads\/2025\/09\/350341852_506819741570269_2218516157678604144_n-600x300.jpg\" height=\"300\" width=\"600\" alt=\"\" class=\"slider-358 slide-504 msDefaultImage\" title=\"350341852_506819741570269_2218516157678604144_n\" \/><\/li>\n                <li style=\"display: none; width: 100%;\" class=\"slide-505 ms-image\" aria-roledescription=\"slide\" data-date=\"2025-09-27 23:56:40\"><img loading=\"lazy\" decoding=\"async\" src=\"https:\/\/unpaz.tl\/wp-content\/uploads\/2025\/09\/350519614_153754897679994_8404633336531285361_n-600x300.jpg\" height=\"300\" width=\"600\" alt=\"\" class=\"slider-358 slide-505 msDefaultImage\" title=\"350519614_153754897679994_8404633336531285361_n\" \/><\/li>\n                <li style=\"display: none; width: 100%;\" class=\"slide-506 ms-image\" aria-roledescription=\"slide\" data-date=\"2025-09-27 23:56:41\"><img loading=\"lazy\" decoding=\"async\" src=\"https:\/\/unpaz.tl\/wp-content\/uploads\/2025\/09\/451314709_879092150905065_3070441966852754891_n-600x300.jpg\" height=\"300\" width=\"600\" alt=\"\" class=\"slider-358 slide-506 msDefaultImage\" title=\"451314709_879092150905065_3070441966852754891_n\" \/><\/li>\n                <li style=\"display: none; width: 100%;\" class=\"slide-507 ms-image\" aria-roledescription=\"slide\" data-date=\"2025-09-27 23:56:43\"><img loading=\"lazy\" decoding=\"async\" src=\"https:\/\/unpaz.tl\/wp-content\/uploads\/2025\/09\/451414917_877311871083093_4511803189604115327_n-600x300.jpg\" height=\"300\" width=\"600\" alt=\"\" class=\"slider-358 slide-507 msDefaultImage\" title=\"451414917_877311871083093_4511803189604115327_n\" \/><\/li>\n                <li style=\"display: none; width: 100%;\" class=\"slide-508 ms-image\" aria-roledescription=\"slide\" data-date=\"2025-09-27 23:56:43\"><img loading=\"lazy\" decoding=\"async\" src=\"https:\/\/unpaz.tl\/wp-content\/uploads\/2025\/09\/451419354_877311927749754_5176886063700052457_n-600x300.jpg\" height=\"300\" width=\"600\" alt=\"\" class=\"slider-358 slide-508 msDefaultImage\" title=\"451419354_877311927749754_5176886063700052457_n\" \/><\/li>\n                <li style=\"display: none; width: 100%;\" class=\"slide-509 ms-image\" aria-roledescription=\"slide\" data-date=\"2025-09-27 23:56:44\"><img loading=\"lazy\" decoding=\"async\" src=\"https:\/\/unpaz.tl\/wp-content\/uploads\/2025\/09\/451519352_877311794416434_5509227680580287832_n-600x300.jpg\" height=\"300\" width=\"600\" alt=\"\" class=\"slider-358 slide-509 msDefaultImage\" title=\"451519352_877311794416434_5509227680580287832_n\" \/><\/li>\n                <li style=\"display: none; width: 100%;\" class=\"slide-510 ms-image\" aria-roledescription=\"slide\" data-date=\"2025-09-27 23:56:44\"><img loading=\"lazy\" decoding=\"async\" src=\"https:\/\/unpaz.tl\/wp-content\/uploads\/2025\/09\/451620316_877311957749751_5911092534451570386_n-600x300.jpg\" height=\"300\" width=\"600\" alt=\"\" class=\"slider-358 slide-510 msDefaultImage\" title=\"451620316_877311957749751_5911092534451570386_n\" \/><\/li>\n                <li style=\"display: none; width: 100%;\" class=\"slide-511 ms-image\" aria-roledescription=\"slide\" data-date=\"2025-09-27 23:56:45\"><img loading=\"lazy\" decoding=\"async\" src=\"https:\/\/unpaz.tl\/wp-content\/uploads\/2025\/09\/451733309_877311901083090_2021278727442408617_n-600x300.jpg\" height=\"300\" width=\"600\" alt=\"\" class=\"slider-358 slide-511 msDefaultImage\" title=\"451733309_877311901083090_2021278727442408617_n\" \/><\/li>\n                <li style=\"display: none; width: 100%;\" class=\"slide-512 ms-image\" aria-roledescription=\"slide\" data-date=\"2025-09-27 23:56:46\"><img loading=\"lazy\" decoding=\"async\" src=\"https:\/\/unpaz.tl\/wp-content\/uploads\/2025\/09\/451744422_877311607749786_4700993319799253338_n-600x300.jpg\" height=\"300\" width=\"600\" alt=\"\" class=\"slider-358 slide-512 msDefaultImage\" title=\"451744422_877311607749786_4700993319799253338_n\" \/><\/li>\n                <li style=\"display: none; width: 100%;\" class=\"slide-513 ms-image\" aria-roledescription=\"slide\" data-date=\"2025-09-27 23:56:47\"><img loading=\"lazy\" decoding=\"async\" src=\"https:\/\/unpaz.tl\/wp-content\/uploads\/2025\/09\/452218150_879092464238367_4872319399801965952_n-600x300.jpg\" height=\"300\" width=\"600\" alt=\"\" class=\"slider-358 slide-513 msDefaultImage\" title=\"452218150_879092464238367_4872319399801965952_n\" \/><\/li>\n            <\/ul>\n        <\/div>\n        \n    <\/div>\n<\/div>\r\n<p>&nbsp;<\/p>\r\n<p style=\"text-align: center;\"><span style=\"font-size: 18pt; color: #ff6600;\"><strong>Kurr\u00edkulu Fakuldade Si\u00e9nsia Sosi\u00e1l no Umanidade<\/strong><\/span><\/p>\r\n<p>&nbsp;<\/p>\r\n<p style=\"text-align: justify;\"><span style=\"font-family: 'times new roman', times, serif; font-size: 14pt;\">In this course the students will learn about the different types and approach to policy, the problem and vision approach to policy development, examine the policy development cycle and how other governments (provinces and federal government) typically develop policy. Policy matters because it affects people\u2019s lives. Public policy is defined as &#8220;the things government chooses to do or not to do&#8221; for &#8220;societal benefit.&#8221; Public policy addresses questions on &#8220;who gets what, when and how. &#8220;This course is designed for both leadership (i.e. decision-makers) and staff; as leaders, participants learn about the kinds of questions that should be asked when directing and reviewing the development of policy. Students will learn how to complete \u2018due diligence\u2019 in order to support the leadership to make informed and effective decisions.\u00a0<\/span><\/p>\r\n<p style=\"text-align: justify;\"><span style=\"font-family: 'times new roman', times, serif; font-size: 14pt;\">Aleinde ne\u2019e objetivu husi kursu ida ne\u2019e hanesan introdusaun ba pol\u00edtika dezenvolvimentu, pol\u00edtika ne\u2019eb\u00e9 halo individu, fam\u00edlia, komunidade, sosiedade, nasaun, no nasaun sira. Ida-ne'e m\u00f3s hanesan an\u00e1lize komparativa ida ba teoria no estrat\u00e9jia sira ne'eb\u00e9 maka lidera dezenvolvimentu iha nivel hotu-hotu. Pol\u00edtika dezenvolvimentu ida ne'eb\u00e9 forte ho buat hotu ne'eb\u00e9 nia implika maka esensi\u00e1l ba dezenvolvimentu estadu ruma nian. Kualker professional iha area desenvolvimentu tenki kompriende pelumenus prinsipiu no politika baziku ne\u2019ebe lori desenvolvimentu no oinsa halo esbosu, aplika no pratika hodi realiza desenvolvimentu.<\/span><\/p>\r\n<p><span style=\"font-family: 'times new roman', times, serif;\">","protected":false},"excerpt":{"rendered":"","protected":false},"author":1,"featured_media":0,"parent":0,"menu_order":0,"comment_status":"closed","ping_status":"closed","template":"","meta":{"pagelayer_contact_templates":[],"_pagelayer_content":"","footnotes":""},"class_list":["post-632","page","type-page","status-publish","hentry"],"_links":{"self":[{"href":"https:\/\/unpaz.tl\/tl\/wp-json\/wp\/v2\/pages\/632","targetHints":{"allow":["GET"]}}],"collection":[{"href":"https:\/\/unpaz.tl\/tl\/wp-json\/wp\/v2\/pages"}],"about":[{"href":"https:\/\/unpaz.tl\/tl\/wp-json\/wp\/v2\/types\/page"}],"author":[{"embeddable":true,"href":"https:\/\/unpaz.tl\/tl\/wp-json\/wp\/v2\/users\/1"}],"replies":[{"embeddable":true,"href":"https:\/\/unpaz.tl\/tl\/wp-json\/wp\/v2\/comments?post=632"}],"version-history":[{"count":2,"href":"https:\/\/unpaz.tl\/tl\/wp-json\/wp\/v2\/pages\/632\/revisions"}],"predecessor-version":[{"id":669,"href":"https:\/\/unpaz.tl\/tl\/wp-json\/wp\/v2\/pages\/632\/revisions\/669"}],"wp:attachment":[{"href":"https:\/\/unpaz.tl\/tl\/wp-json\/wp\/v2\/media?parent=632"}],"curies":[{"name":"wp","href":"https:\/\/api.w.org\/{rel}","templated":true}]}}