{"id":628,"date":"2025-09-28T03:00:04","date_gmt":"2025-09-28T03:00:04","guid":{"rendered":"https:\/\/unpaz.tl\/?page_id=628"},"modified":"2025-09-28T04:39:36","modified_gmt":"2025-09-28T04:39:36","slug":"faculty-of-law","status":"publish","type":"page","link":"https:\/\/unpaz.tl\/tl\/faculty-of-law\/","title":{"rendered":"Fakuldade Direitu"},"content":{"rendered":"<div id=\"metaslider-id-357\" style=\"width: 100%;\" class=\"ml-slider-3-101-0 metaslider metaslider-flex metaslider-357 ml-slider has-dots-nav ms-theme-default-base\" role=\"region\" aria-label=\"Law\" data-height=\"300\" data-width=\"600\">\n    <div id=\"metaslider_container_357\">\n        <div id=\"metaslider_357\">\n            <ul aria-live='off' class='slides'>\n                <li style=\"display: block; width: 100%;\" class=\"slide-439 ms-image\" aria-roledescription=\"slide\" data-date=\"2025-09-27 22:30:34\"><img loading=\"lazy\" decoding=\"async\" src=\"https:\/\/unpaz.tl\/wp-content\/uploads\/2025\/09\/1-1-600x300.jpg\" height=\"300\" width=\"600\" alt=\"\" class=\"slider-357 slide-439 msDefaultImage\" title=\"1\" \/><\/li>\n                <li style=\"display: none; width: 100%;\" class=\"slide-440 ms-image\" aria-roledescription=\"slide\" data-date=\"2025-09-27 22:30:34\"><img loading=\"lazy\" decoding=\"async\" src=\"https:\/\/unpaz.tl\/wp-content\/uploads\/2025\/09\/277562930_705305297588092_6443630003473379824_n-600x300.jpg\" height=\"300\" width=\"600\" alt=\"\" class=\"slider-357 slide-440 msDefaultImage\" title=\"277562930_705305297588092_6443630003473379824_n\" \/><\/li>\n                <li style=\"display: none; width: 100%;\" class=\"slide-441 ms-image\" aria-roledescription=\"slide\" data-date=\"2025-09-27 22:30:35\"><img loading=\"lazy\" decoding=\"async\" src=\"https:\/\/unpaz.tl\/wp-content\/uploads\/2025\/09\/277565859_705305124254776_1185379989748895249_n-600x300.jpg\" height=\"300\" width=\"600\" alt=\"\" class=\"slider-357 slide-441 msDefaultImage\" title=\"277565859_705305124254776_1185379989748895249_n\" \/><\/li>\n                <li style=\"display: none; width: 100%;\" class=\"slide-442 ms-image\" aria-roledescription=\"slide\" data-date=\"2025-09-27 22:30:37\"><img loading=\"lazy\" decoding=\"async\" src=\"https:\/\/unpaz.tl\/wp-content\/uploads\/2025\/09\/277681287_705305137588108_4016119625710732889_n-600x300.jpg\" height=\"300\" width=\"600\" alt=\"\" class=\"slider-357 slide-442 msDefaultImage\" title=\"277681287_705305137588108_4016119625710732889_n\" \/><\/li>\n                <li style=\"display: none; width: 100%;\" class=\"slide-443 ms-image\" aria-roledescription=\"slide\" data-date=\"2025-09-27 22:30:38\"><img loading=\"lazy\" decoding=\"async\" src=\"https:\/\/unpaz.tl\/wp-content\/uploads\/2025\/09\/277681589_705305187588103_44142667461714911_n-600x300.jpg\" height=\"300\" width=\"600\" alt=\"\" class=\"slider-357 slide-443 msDefaultImage\" title=\"277681589_705305187588103_44142667461714911_n\" \/><\/li>\n            <\/ul>\n        <\/div>\n        \n    <\/div>\n<\/div>\r\n<p>&nbsp;<\/p>\r\n<p style=\"text-align: center;\"><span style=\"font-size: 18pt; color: #ff6600;\"><strong>Kurr\u00edkulu Si\u00e9nsia Direitu<\/strong><\/span><\/p>\r\n<p>&nbsp;<\/p>\r\n<p style=\"text-align: justify;\"><span style=\"font-size: 14pt;\">Kursu ida-ne'e ho objetivu atu produz graduadu ho komprensaun kompletu iha si\u00e9nsia direitu nian ne'eb\u00e9 iha ko\u00f1esimentu luan no kle'an liu, hanoin kr\u00edtiku no kapasidade hanoin l\u00f3jiku, konstrutivu, sistem\u00e1tiku no inovativu, an\u00e1lize kona-ba fen\u00f3menu sira ne'eb\u00e9 eziste hanesan jurista. Matenek-na'in sira sei komprende aplikasaun lei espes\u00edfiku ba lei siv\u00edl, lei pen\u00e1l, lei konstitusion\u00e1l, lei administrativu no transformasaun lei sira ne'eb\u00e9 eziste no bele rezolve problema sira ho kr\u00edtiku no profision\u00e1l bazeia ba an\u00e1lize ida ne'eb\u00e9 maka'as no kultur\u00e1l iha sira nia profisaun loroloron nian nu'udar pratikante lei nian. Hanesan ita hotu hatene katak kauza abut husi mal-alokasaun rekursu sira falta governasaun hotu iha prosesu dezenvolvimentu nasaun nian. N\u00fakleu prinsip\u00e1l governasaun di'ak nian maka (1), ezekusaun<\/span><\/p>\r\n<p style=\"text-align: justify;\"><span style=\"font-size: 14pt;\">Husi programa sira tenke bazeia ba estadu direitu; responsabilizasaun; transpar\u00e9nsia no iha forma partisipativa; (2) sistema lei ne'eb\u00e9 hatudu es\u00e9nsia lei sira nian labele asegura alokasaun rekursu sira ho maneira ne'eb\u00e9 justu no justu ka kria governasaun di'ak; (3) promulgasaun lei tenke bazeia ba kualk\u00e9r baze te\u00f3riku no metodol\u00f3jiku ne'eb\u00e9 bele responsavel rasionalmente; (4) organizasaun ne\u2019eb\u00e9 relasiona ho promulgasaun no implementasaun lei ne\u2019e tenke adekuadu no (5) maioria lei pozitivu sira tenke promulga bazeia ba abut kultur\u00e1l sosiedade Timor-Leste nian, dala ruma, bele responde ba nesesidade loloos Timor-oan sira-nian.\u00a0\u00a0<\/span><\/p>\r\n<p style=\"text-align: justify;\"><span style=\"font-size: 14pt;\">Tanba ne\u2019e, ho estabelesimentu Fakuldade Si\u00e9nsia Direitu nian, UNPAZ bele sai hanesan modelu aprendizajen teoria no peskiza ne\u2019eb\u00e9 bele prod\u00fas per\u00edsia iha lei sira atu nune\u2019e bele responde ba nesesidade dezenvolvimentu nasion\u00e1l Timor-Leste nian tantu iha nivel nasion\u00e1l, rejion\u00e1l no internasion\u00e1l. Knaar espesi\u00e1l husi programa ida-ne'e maka atu prepara peritu sira ne'eb\u00e9 maka graduadu iha teoria no pr\u00e1tika sira iha direitu ne'eb\u00e9 maka bazeia duni ba val\u00f3r kultur\u00e1l nasion\u00e1l sira nasaun nian. Aleinde ne'e, peritu sira-ne'e m\u00f3s iha (1) kapasidade sira atu transforma val\u00f3r kultur\u00e1l sira-ne'e hodi sai lei pozitivu nasion\u00e1l; (2) peritu sira m\u00f3s bele iha kompet\u00e9nsia no kapasidade leg\u00e1l ruma atu rezolve problema sira no sai hanesan pol\u00edtiku nasion\u00e1l sira ne'eb\u00e9 relasiona ho pol\u00edtika desentralizasaun nian.\u00a0<\/span><\/p>\r\n<p style=\"text-align: justify;\"><span style=\"font-size: 14pt;\">Finally, geopolitically, the geographical location of Timor-Leste may become bridge builder between Australia and other Asia countries (Indonesia, Malaysia, Singapore, Thailand, Myanmar, Philippines, Laos, Cambodia and Vietnam etc.)\u00a0 In this regard, we should anticipate by preparing our human resources to fill up this gap in the future.<\/span> <\/p>\r\n<p><span style=\"font-family: 'times new roman', times, serif;\">","protected":false},"excerpt":{"rendered":"","protected":false},"author":1,"featured_media":0,"parent":0,"menu_order":0,"comment_status":"closed","ping_status":"closed","template":"","meta":{"pagelayer_contact_templates":[],"_pagelayer_content":"","footnotes":""},"class_list":["post-628","page","type-page","status-publish","hentry"],"_links":{"self":[{"href":"https:\/\/unpaz.tl\/tl\/wp-json\/wp\/v2\/pages\/628","targetHints":{"allow":["GET"]}}],"collection":[{"href":"https:\/\/unpaz.tl\/tl\/wp-json\/wp\/v2\/pages"}],"about":[{"href":"https:\/\/unpaz.tl\/tl\/wp-json\/wp\/v2\/types\/page"}],"author":[{"embeddable":true,"href":"https:\/\/unpaz.tl\/tl\/wp-json\/wp\/v2\/users\/1"}],"replies":[{"embeddable":true,"href":"https:\/\/unpaz.tl\/tl\/wp-json\/wp\/v2\/comments?post=628"}],"version-history":[{"count":3,"href":"https:\/\/unpaz.tl\/tl\/wp-json\/wp\/v2\/pages\/628\/revisions"}],"predecessor-version":[{"id":668,"href":"https:\/\/unpaz.tl\/tl\/wp-json\/wp\/v2\/pages\/628\/revisions\/668"}],"wp:attachment":[{"href":"https:\/\/unpaz.tl\/tl\/wp-json\/wp\/v2\/media?parent=628"}],"curies":[{"name":"wp","href":"https:\/\/api.w.org\/{rel}","templated":true}]}}