{"id":600,"date":"2025-09-28T02:37:37","date_gmt":"2025-09-28T02:37:37","guid":{"rendered":"https:\/\/unpaz.tl\/?page_id=600"},"modified":"2025-09-28T04:51:47","modified_gmt":"2025-09-28T04:51:47","slug":"faculty-of-agricultural-technology","status":"publish","type":"page","link":"https:\/\/unpaz.tl\/tl\/faculty-of-agricultural-technology\/","title":{"rendered":"Fakuldade Teknolojia Agr\u00edkola"},"content":{"rendered":"<div id=\"metaslider-id-601\" style=\"width: 100%;\" class=\"ml-slider-3-101-0 metaslider metaslider-flex metaslider-601 ml-slider has-dots-nav ms-theme-default-base\" role=\"region\" aria-label=\"Fakuldade Teknolojia Agr\u00edkola\" data-height=\"300\" data-width=\"600\">\n    <div id=\"metaslider_container_601\">\n        <div id=\"metaslider_601\">\n            <ul aria-live='off' class='slides'>\n                <li style=\"display: block; width: 100%;\" class=\"slide-607 ms-image\" aria-roledescription=\"slide\" data-date=\"2025-09-28 02:36:16\"><img loading=\"lazy\" decoding=\"async\" src=\"https:\/\/unpaz.tl\/wp-content\/uploads\/2025\/09\/11-1-600x300.jpg\" height=\"300\" width=\"600\" alt=\"\" class=\"slider-601 slide-607 msDefaultImage\" title=\"11\" \/><\/li>\n                <li style=\"display: none; width: 100%;\" class=\"slide-608 ms-image\" aria-roledescription=\"slide\" data-date=\"2025-09-28 02:36:17\"><img loading=\"lazy\" decoding=\"async\" src=\"https:\/\/unpaz.tl\/wp-content\/uploads\/2025\/09\/84679497_160748188710475_4155707959294296064_n-600x300.jpg\" height=\"300\" width=\"600\" alt=\"\" class=\"slider-601 slide-608 msDefaultImage\" title=\"84679497_160748188710475_4155707959294296064_n\" \/><\/li>\n                <li style=\"display: none; width: 100%;\" class=\"slide-609 ms-image\" aria-roledescription=\"slide\" data-date=\"2025-09-28 02:36:18\"><img loading=\"lazy\" decoding=\"async\" src=\"https:\/\/unpaz.tl\/wp-content\/uploads\/2025\/09\/86936412_168262194625741_6491536832440827904_n-600x300.jpg\" height=\"300\" width=\"600\" alt=\"\" class=\"slider-601 slide-609 msDefaultImage\" title=\"86936412_168262194625741_6491536832440827904_n\" \/><\/li>\n                <li style=\"display: none; width: 100%;\" class=\"slide-610 ms-image\" aria-roledescription=\"slide\" data-date=\"2025-09-28 02:36:19\"><img loading=\"lazy\" decoding=\"async\" src=\"https:\/\/unpaz.tl\/wp-content\/uploads\/2025\/09\/356908657_650126770468272_689310141747423387_n-600x300.jpg\" height=\"300\" width=\"600\" alt=\"\" class=\"slider-601 slide-610 msDefaultImage\" title=\"356908657_650126770468272_689310141747423387_n\" \/><\/li>\n                <li style=\"display: none; width: 100%;\" class=\"slide-611 ms-image\" aria-roledescription=\"slide\" data-date=\"2025-09-28 02:36:21\"><img loading=\"lazy\" decoding=\"async\" src=\"https:\/\/unpaz.tl\/wp-content\/uploads\/2025\/09\/357053637_650128283801454_8955589948658457240_n-600x300.jpg\" height=\"300\" width=\"600\" alt=\"\" class=\"slider-601 slide-611 msDefaultImage\" title=\"357053637_650128283801454_8955589948658457240_n\" \/><\/li>\n            <\/ul>\n        <\/div>\n        \n    <\/div>\n<\/div>\r\n<p>&nbsp;<\/p>\r\n<p style=\"text-align: center;\"><span style=\"font-size: 18pt; color: #008000;\"><strong>Kurr\u00edkulu Teknolojia Agrikultura<\/strong><\/span><\/p>\r\n<p>&nbsp;<\/p>\r\n<p style=\"text-align: justify;\"><span style=\"font-size: 14pt; font-family: 'times new roman', times, serif;\">Iha kursu ida-ne'e estudante sei aprende oins\u00e1 atu dezenvolve si\u00e9nsia agrikultura nian aleinde komprende teoria, konseitu no rezultadu peskiza nian teorikamente, komprende no halo pr\u00e1tika peskiza no aplikasaun hodi permite sira atu halo peskiza sient\u00edfika tuir mai tantu individualmente ka iha grupu iha termu prosesamentu ai-han no rekursu natur\u00e1l no konservasaun. Estudante ne'eb\u00e9 bele hala'o edukasaun mestradu no produz peritu sira iha rezolve problema sira kona-ba agrikultura rai-maran no oins\u00e1 hadi'a rekursu natur\u00e1l no konservasaun dezenvolve peskiza sira hodi hetan konseitu no faktu foun sira iha sistema agrikultura rai-maran no oins\u00e1 hadi'a rekursu natur\u00e1l no konservasaun hodi apoia dezenvolvimentu teoria. Estudante m\u00f3s bele jere peskiza sira hodi dezenvolve agrikultura rai-maran nian hanesan solusaun alternativu sira hodi rezolve problema sira relasiona ho agrikultura rai-maran nian no oins\u00e1 hadi'a rekursu natur\u00e1l no konservasaun liuhosi aprosimasaun interdisiplin\u00e1r no multidisiplin\u00e1r. Iha partisipasaun ativu hodi rezolve problema dezenvolvimentu nasion\u00e1l relasiona ho planeamentu no dezenvolvimentu pot\u00e9nsia agr\u00edkola rai maran, rekursu natur\u00e1l no konservasaun no iha profisionalizmu no dedikasaun aas hanesan dosente, peskizad\u00f3r, no iha funsaun p\u00fablika. Iha pensamentu kr\u00edtiku, hanoin nakloke, bele dezenvolve rai no \u00e1rea konservasaun no agrikultura rai maran, iha ko\u00f1esimentu ne\u2019eb\u00e9 luan hodi kria dezenvolvimentu sofistikadu kona-ba si\u00e9nsia agrikultura ne\u2019eb\u00e9 \u00fatil ba sosiedade. Bainhira remata estudu estudante sei bele dezenvolve si\u00e9nsia agrikultura rai maran teorikamente no konseptualmente hodi suporta dezenvolvimentu nasion\u00e1l ba tempu naruk no bele planeia no hala\u2019o peskiza iha kampu agrikultura rai maran, rekursu natur\u00e1l no konservasaun tantu iha mono-disiplina, inter-disiplin\u00e1r ka multidisiplin\u00e1r.<\/span><\/p>\r\n<p><span style=\"font-family: 'times new roman', times, serif;\">","protected":false},"excerpt":{"rendered":"","protected":false},"author":1,"featured_media":0,"parent":0,"menu_order":0,"comment_status":"closed","ping_status":"closed","template":"","meta":{"pagelayer_contact_templates":[],"_pagelayer_content":"","footnotes":""},"class_list":["post-600","page","type-page","status-publish","hentry"],"_links":{"self":[{"href":"https:\/\/unpaz.tl\/tl\/wp-json\/wp\/v2\/pages\/600","targetHints":{"allow":["GET"]}}],"collection":[{"href":"https:\/\/unpaz.tl\/tl\/wp-json\/wp\/v2\/pages"}],"about":[{"href":"https:\/\/unpaz.tl\/tl\/wp-json\/wp\/v2\/types\/page"}],"author":[{"embeddable":true,"href":"https:\/\/unpaz.tl\/tl\/wp-json\/wp\/v2\/users\/1"}],"replies":[{"embeddable":true,"href":"https:\/\/unpaz.tl\/tl\/wp-json\/wp\/v2\/comments?post=600"}],"version-history":[{"count":4,"href":"https:\/\/unpaz.tl\/tl\/wp-json\/wp\/v2\/pages\/600\/revisions"}],"predecessor-version":[{"id":672,"href":"https:\/\/unpaz.tl\/tl\/wp-json\/wp\/v2\/pages\/600\/revisions\/672"}],"wp:attachment":[{"href":"https:\/\/unpaz.tl\/tl\/wp-json\/wp\/v2\/media?parent=600"}],"curies":[{"name":"wp","href":"https:\/\/api.w.org\/{rel}","templated":true}]}}