{"id":557,"date":"2025-09-28T01:53:05","date_gmt":"2025-09-28T01:53:05","guid":{"rendered":"https:\/\/unpaz.tl\/?page_id=557"},"modified":"2026-02-05T12:40:44","modified_gmt":"2026-02-05T12:40:44","slug":"faculty-of-public-health","status":"publish","type":"page","link":"https:\/\/unpaz.tl\/tl\/faculty-of-public-health\/","title":{"rendered":"Fakuldade Sa\u00fade P\u00fablika e Si\u00eansia Medika"},"content":{"rendered":"<div id=\"metaslider-id-535\" style=\"width: 100%;\" class=\"ml-slider-3-101-0 metaslider metaslider-flex metaslider-535 ml-slider has-dots-nav ms-theme-default-base\" role=\"region\" aria-label=\"Sa\u00fade P\u00fablika\" data-height=\"300\" data-width=\"600\">\n    <div id=\"metaslider_container_535\">\n        <div id=\"metaslider_535\">\n            <ul aria-live='off' class='slides'>\n                <li style=\"display: block; width: 100%;\" class=\"slide-538 ms-image\" aria-roledescription=\"slide\" data-date=\"2025-09-28 01:30:19\"><img loading=\"lazy\" decoding=\"async\" src=\"https:\/\/unpaz.tl\/wp-content\/uploads\/2025\/10\/481222734_1040285048119107_8219144917625757703_n-600x300.jpg\" height=\"300\" width=\"600\" alt=\"\" class=\"slider-535 slide-538 msDefaultImage\" title=\"481222734_1040285048119107_8219144917625757703_n\" \/><\/li>\n                <li style=\"display: none; width: 100%;\" class=\"slide-539 ms-image\" aria-roledescription=\"slide\" data-date=\"2025-09-28 01:30:22\"><img loading=\"lazy\" decoding=\"async\" src=\"https:\/\/unpaz.tl\/wp-content\/uploads\/2025\/09\/33-600x300.jpg\" height=\"300\" width=\"600\" alt=\"\" class=\"slider-535 slide-539 msDefaultImage\" title=\"33\" \/><\/li>\n                <li style=\"display: none; width: 100%;\" class=\"slide-835 ms-image\" aria-roledescription=\"slide\" data-date=\"2025-10-11 23:25:05\"><img loading=\"lazy\" decoding=\"async\" src=\"https:\/\/unpaz.tl\/wp-content\/uploads\/2025\/10\/482322335_1040284971452448_1504354228768771219_n-600x300.jpg\" height=\"300\" width=\"600\" alt=\"\" class=\"slider-535 slide-835 msDefaultImage\" title=\"482322335_1040284971452448_1504354228768771219_n\" \/><\/li>\n                <li style=\"display: none; width: 100%;\" class=\"slide-837 ms-image\" aria-roledescription=\"slide\" data-date=\"2025-10-11 23:25:24\"><img loading=\"lazy\" decoding=\"async\" src=\"https:\/\/unpaz.tl\/wp-content\/uploads\/2025\/10\/524128908_1154374983376779_248081065376090575_n-600x300.jpg\" height=\"300\" width=\"600\" alt=\"\" class=\"slider-535 slide-837 msDefaultImage\" title=\"524128908_1154374983376779_248081065376090575_n\" \/><\/li>\n                <li style=\"display: none; width: 100%;\" class=\"slide-839 ms-image\" aria-roledescription=\"slide\" data-date=\"2025-10-11 23:25:38\"><img loading=\"lazy\" decoding=\"async\" src=\"https:\/\/unpaz.tl\/wp-content\/uploads\/2025\/10\/524013437_1154375150043429_8249367739752663603_n-600x300.jpg\" height=\"300\" width=\"600\" alt=\"\" class=\"slider-535 slide-839 msDefaultImage\" title=\"524013437_1154375150043429_8249367739752663603_n\" \/><\/li>\n                <li style=\"display: none; width: 100%;\" class=\"slide-841 ms-image\" aria-roledescription=\"slide\" data-date=\"2025-10-11 23:25:57\"><img loading=\"lazy\" decoding=\"async\" src=\"https:\/\/unpaz.tl\/wp-content\/uploads\/2025\/10\/481177470_1040285101452435_5252856843608201622_n-600x300.jpg\" height=\"300\" width=\"600\" alt=\"\" class=\"slider-535 slide-841 msDefaultImage\" title=\"481177470_1040285101452435_5252856843608201622_n\" \/><\/li>\n                <li style=\"display: none; width: 100%;\" class=\"slide-843 ms-image\" aria-roledescription=\"slide\" data-date=\"2025-10-11 23:26:25\"><img loading=\"lazy\" decoding=\"async\" src=\"https:\/\/unpaz.tl\/wp-content\/uploads\/2025\/10\/481661730_1040284858119126_2490224255247609041_n-600x300.jpg\" height=\"300\" width=\"600\" alt=\"\" class=\"slider-535 slide-843 msDefaultImage\" title=\"481661730_1040284858119126_2490224255247609041_n\" \/><\/li>\n                <li style=\"display: none; width: 100%;\" class=\"slide-845 ms-image\" aria-roledescription=\"slide\" data-date=\"2025-10-11 23:26:53\"><img loading=\"lazy\" decoding=\"async\" src=\"https:\/\/unpaz.tl\/wp-content\/uploads\/2025\/10\/481258046_1040284954785783_6844740598015875975_n-600x300.jpg\" height=\"300\" width=\"600\" alt=\"\" class=\"slider-535 slide-845 msDefaultImage\" title=\"481258046_1040284954785783_6844740598015875975_n\" \/><\/li>\n                <li style=\"display: none; width: 100%;\" class=\"slide-977 ms-image\" aria-roledescription=\"slide\" data-date=\"2026-02-05 12:48:19\"><img loading=\"lazy\" decoding=\"async\" src=\"https:\/\/unpaz.tl\/wp-content\/uploads\/2026\/02\/mbbs-600x300.jpg\" height=\"300\" width=\"600\" alt=\"\" class=\"slider-535 slide-977 msDefaultImage\" title=\"mbbs\" \/><div class=\"caption-wrap\"><div class=\"caption\"><div>UNPAZ MBBS Medical University Management team and Students with The President Of Timor Leste His Excellency Dr. Jos\u00e9 Ramos-Horta, The PrimeMinister of Timor Leste His Excellency Kay Rala Xanana Gusm\u00e3o and Indian Ambassador for Timor Leste His Excellency Shri Madan Kumar Ghildiyal in the event of Embassy of India, Dili , Diplomat Reception 2026.<\/div><\/div><\/div><\/li>\n                <li style=\"display: none; width: 100%;\" class=\"slide-979 ms-image\" aria-roledescription=\"slide\" data-date=\"2026-02-05 12:50:13\"><img loading=\"lazy\" decoding=\"async\" src=\"https:\/\/unpaz.tl\/wp-content\/uploads\/2026\/02\/625109338_1307402931407316_8446145580947982083_n-600x300.jpg\" height=\"300\" width=\"600\" alt=\"\" class=\"slider-535 slide-979 msDefaultImage\" title=\"625109338_1307402931407316_8446145580947982083_n\" \/><div class=\"caption-wrap\"><div class=\"caption\"><div>UNPAZ MBBS Medical University Management team and Students with The President Of Timor Leste His Excellency Dr. Jos\u00e9 Ramos-Horta, The PrimeMinister of Timor Leste His Excellency Kay Rala Xanana Gusm\u00e3o and Indian Ambassador for Timor Leste His Excellency Shri Madan Kumar Ghildiyal in the event of Embassy of India, Dili , Diplomat Reception 2026.<\/div><\/div><\/div><\/li>\n            <\/ul>\n        <\/div>\n        \n    <\/div>\n<\/div>\n<p>&nbsp;<\/p>\n<p style=\"text-align: center;\"><span style=\"text-decoration: underline; color: #0000ff;\"><span style=\"font-size: 18pt; font-family: 'times new roman', times, serif;\"><strong>Fakuldade Sa\u00fade P\u00fablika e Si\u00eansia Medika&nbsp;<\/strong><\/span><\/span><font color=\"#0000ff\" face=\"times new roman, times, serif\"><span style=\"font-size: 24px;\"><strong><u>and Medicine Sciences<\/u><\/strong><\/span><\/font><\/p>\n<p>&nbsp;<\/p>\n<p style=\"text-align: justify;\"><br><\/p>\n\n<p class=\"MsoNormal\"><span style=\"font-family:&quot;Times New Roman&quot;,serif\">Fakuldade Sa\u00fade P\u00fablika no Medisina iha UNPAZ iha kompromisu atu produz profision\u00e1l sa\u00fade sira ne'eb\u00e9 profision\u00e1l, \u00e9tiku, no kompetitivu iha nivel mundi\u00e1l. Ho kurr\u00edkulu ida ne'eb\u00e9 bazeia ba kompet\u00e9nsia, aprendizajen interdisiplin\u00e1r, no pr\u00e1tika kl\u00ednika no kampu ne'eb\u00e9 metin, fakuldade prepara graduadu sira atu hasoru dezafiu sa\u00fade p\u00fablika modernu sira.<o:p><\/o:p><\/span><\/p>\n\n<p class=\"MsoNormal\"><span style=\"font-family:&quot;Times New Roman&quot;,serif\">Ami integra si\u00e9nsia, teknolojia sa\u00fade, no val\u00f3r umanit\u00e1riu sira hodi hadi'a ho sustent\u00e1vel kualidade moris ba komunidade.<o:p><\/o:p><\/span><\/p>\n\n<p class=\"MsoNormal\"><span style=\"font-family:&quot;Times New Roman&quot;,serif\">Tuir mai ne'e maka programa estudu sira ne'eb\u00e9 oferese iha Fakuldade Sa\u00fade P\u00fablika no Medisina:<o:p><\/o:p><\/span><\/p>\n\n<p class=\"MsoNormal\"><strong><span style=\"font-family:&quot;Times New Roman&quot;,serif\">1. Sa\u00fade P\u00fablika<o:p><\/o:p><\/span><\/strong><\/p>\n\n<p class=\"MsoNormal\"><span style=\"font-family:&quot;Times New Roman&quot;,serif\">Programa ida-ne'e prepara estudante sira atu sai peritu iha promosaun sa\u00fade, epidemiolojia, pol\u00edtika sa\u00fade, no jestaun servisu sa\u00fade nian. Graduadu sira hein atu bele deze\u00f1a no jere programa sa\u00fade nian ne'eb\u00e9 iha impaktu luan ba komunidade.<o:p><\/o:p><\/span><\/p>\n\n<p class=\"MsoNormal\"><span style=\"font-family:&quot;Times New Roman&quot;,serif\">Perspetiva Karreira nian:<o:p><\/o:p><\/span><\/p>\n\n<p class=\"MsoNormal\"><span style=\"font-family:&quot;Times New Roman&quot;,serif\">Traballad\u00f3r sa\u00fade p\u00fablika, analista pol\u00edtika sa\u00fade, konsult\u00f3r sa\u00fade, peskizad\u00f3r sira.<o:p><\/o:p><\/span><\/p>\n\n<p class=\"MsoNormal\"><strong><span style=\"font-family:&quot;Times New Roman&quot;,serif\">2. Si\u00e9nsia Nutrision\u00e1l sira<o:p><\/o:p><\/span><\/strong><\/p>\n\n<p class=\"MsoNormal\"><span style=\"font-family:&quot;Times New Roman&quot;,serif\">Foka ba fornesimentu nutrisaun ne'eb\u00e9 ekilibradu, prevensaun moras liuhosi nutrisaun, no mantein padraun dieta nian iha ambiente kl\u00edniku no komunit\u00e1riu. Estudante sira ekipadu ho komprensaun pr\u00e1tika no sient\u00edfika atu hadi'a estatutu nutrision\u00e1l komunidade nian.<o:p><\/o:p><\/span><\/p>\n\n<p class=\"MsoNormal\"><span style=\"font-family:&quot;Times New Roman&quot;,serif\">Perspetiva Karreira nian:<o:p><\/o:p><\/span><\/p>\n\n<p class=\"MsoNormal\"><span style=\"font-family:&quot;Times New Roman&quot;,serif\">Nutrisionista sira, konsult\u00f3r nutrisaun nian, peskizad\u00f3r ai-han nian, peso\u00e1l ospit\u00e1l nian.<o:p><\/o:p><\/span><\/p>\n\n<p class=\"MsoNormal\"><strong><span style=\"font-family:&quot;Times New Roman&quot;,serif\">3. Si\u00e9nsia Sa\u00fade Ambient\u00e1l<o:p><\/o:p><\/span><\/strong><\/p>\n\n<p class=\"MsoNormal\"><span style=\"font-family:&quot;Times New Roman&quot;,serif\">Ezamina relasaun entre ambiente no sa\u00fade ema nian, inklui saneamentu, bee-moos, bee-fo'er, no kontrolu poluisaun.<o:p><\/o:p><\/span><\/p>\n\n<p class=\"MsoNormal\"><span style=\"font-family:&quot;Times New Roman&quot;,serif\">Perspetiva Karreira nian:<o:p><\/o:p><\/span><\/p>\n\n<p class=\"MsoNormal\"><span style=\"font-family:&quot;Times New Roman&quot;,serif\">Sanit\u00e1riu sira, audit\u00f3r ambient\u00e1l sira, ofisi\u00e1l sa\u00fade ambient\u00e1l sira, konsult\u00f3r industri\u00e1l sira.<o:p><\/o:p><\/span><\/p>\n\n<p class=\"MsoNormal\"><strong><span style=\"font-family:&quot;Times New Roman&quot;,serif\">4. Enfermajen<o:p><\/o:p><\/span><\/strong><\/p>\n\n<p class=\"MsoNormal\"><span style=\"font-family:&quot;Times New Roman&quot;,serif\">Programa Enfermajen UNPAZ nian f\u00f3 \u00e9nfaze ba kuidadu ol\u00edstiku, seguransa pasiente nian, no pr\u00e1tika kl\u00ednika bazeia ba evid\u00e9nsia.<o:p><\/o:p><\/span><\/p>\n\n<p class=\"MsoNormal\"><span style=\"font-family:&quot;Times New Roman&quot;,serif\">Perspetiva Karreira nian:<o:p><\/o:p><\/span><\/p>\n\n<p class=\"MsoNormal\"><span style=\"font-family:&quot;Times New Roman&quot;,serif\">Enfermeiru kl\u00edniku sira, enfermeiru komunit\u00e1riu sira, enfermeiru ospit\u00e1l sira, traballad\u00f3r sa\u00fade internasion\u00e1l sira.<o:p><\/o:p><\/span><\/p>\n\n<p class=\"MsoNormal\"><strong><span style=\"font-family:&quot;Times New Roman&quot;,serif\">5. Parteira<o:p><\/o:p><\/span><\/strong><\/p>\n\n<p class=\"MsoNormal\"><span style=\"font-family:&quot;Times New Roman&quot;,serif\">Programa ne\u2019e prepara parteira profision\u00e1l sira iha servisu sa\u00fade inan no labarik, partu seguru, no edukasaun sa\u00fade reprodutiva.<o:p><\/o:p><\/span><\/p>\n\n<p class=\"MsoNormal\"><span style=\"font-family:&quot;Times New Roman&quot;,serif\">Perspetiva Karreira nian:<o:p><\/o:p><\/span><\/p>\n\n<p class=\"MsoNormal\"><span style=\"font-family:&quot;Times New Roman&quot;,serif\">Parteira sira, traballad\u00f3r sa\u00fade inan no labarik, konselleiru sa\u00fade reprodutiva.<o:p><\/o:p><\/span><\/p>\n\n<p class=\"MsoNormal\"><strong><span style=\"font-family:&quot;Times New Roman&quot;,serif\">6. Farm\u00e1sia<o:p><\/o:p><\/span><\/strong><\/p>\n\n<p class=\"MsoNormal\"><span style=\"font-family:&quot;Times New Roman&quot;,serif\">Eduka estudante sira atu sai farmasista kompetente iha dezenvolvimentu, produsaun, no distribuisaun ai-moruk sira, no m\u00f3s servisu farm\u00e1sia kl\u00ednika sira.<o:p><\/o:p><\/span><\/p>\n\n<p class=\"MsoNormal\"><span style=\"font-family:&quot;Times New Roman&quot;,serif\">Perspetiva Karreira nian:<o:p><\/o:p><\/span><\/p>\n\n<p class=\"MsoNormal\"><span style=\"font-family:&quot;Times New Roman&quot;,serif\">Farmasista sira, peskizad\u00f3r farmas\u00e9utiku sira, ind\u00fastria ai-moruk nian, ospit\u00e1l sira.<o:p><\/o:p><\/span><\/p>\n\n<p class=\"MsoNormal\"><strong><span style=\"font-family:&quot;Times New Roman&quot;,serif\">7. Analista Ran nian<o:p><\/o:p><\/span><\/strong><\/p>\n\n<p class=\"MsoNormal\"><span style=\"font-family:&quot;Times New Roman&quot;,serif\">Programa ida-ne'e ekipa estudante sira ho abilidade an\u00e1lize laborat\u00f3riu nian, apoiu diagn\u00f3stiku, no teknolojia ezame m\u00e9diku modernu.<o:p><\/o:p><\/span><\/p>\n\n<p class=\"MsoNormal\"><span style=\"font-family:&quot;Times New Roman&quot;,serif\">Perspetiva Karreira nian:<o:p><\/o:p><\/span><\/p>\n\n<p class=\"MsoNormal\"><span style=\"font-family:&quot;Times New Roman&quot;,serif\">Analista laborat\u00f3riu sira, t\u00e9kniku m\u00e9diku sira, peso\u00e1l diagn\u00f3stiku kl\u00edniku sira.<o:p><\/o:p><\/span><\/p>\n\n<p class=\"MsoNormal\"><strong><span style=\"font-family:&quot;Times New Roman&quot;,serif\">8. <a href=\"https:\/\/unpaz.university\/\">8. MBBS (Lisensiatura iha Medisina, Lisensiatura iha Sirurjia)&nbsp;<\/a><o:p><\/o:p><\/span><\/strong><\/p>\n\n<p class=\"MsoNormal\"><span style=\"font-family:&quot;Times New Roman&quot;,serif\">Programa UNPAZ MBBS deze\u00f1a atu produz m\u00e9diku profision\u00e1l sira ho kompet\u00e9nsia kl\u00ednika ne'eb\u00e9 maka'as, \u00e9tika aas, no preokupasaun ba komunidade.<o:p><\/o:p><\/span><\/p>\n\n<p class=\"MsoNormal\"><span style=\"font-family:&quot;Times New Roman&quot;,serif\">Perspetiva Karreira nian:<o:p><\/o:p><\/span><\/p>\n\n<p class=\"MsoNormal\"><span style=\"font-family:&quot;Times New Roman&quot;,serif\">M\u00e9diku jer\u00e1l sira, edukasaun espesializada liu, peskizad\u00f3r m\u00e9diku sira, peso\u00e1l m\u00e9diku internasion\u00e1l sira.&nbsp;<\/span><\/p>\n<p class=\"MsoNormal\"><strong><a href=\"https:\/\/unpaz.university\/\"><span style=\"font-family:&quot;Times New Roman&quot;,serif\"><\/span><span style=\"font-family: &quot;Times New Roman&quot;, serif;\">Klik iha ligasaun ida-ne'e atu asesu ba kurr\u00edkulu no fasilidade sira MBBS nian<\/span><\/a><\/strong><\/p>\n<p\u00a0style=\"text-align: justify;\"=\"\"><font face=\"times new roman, times, serif\"><span style=\"font-size: 18.6667px;\"><\/span><\/font>\n<p><span style=\"font-family: 'times new roman', times, serif;\"><\/span><\/p><\/p\u00a0style=\"text-align:>","protected":false},"excerpt":{"rendered":"","protected":false},"author":1,"featured_media":0,"parent":0,"menu_order":0,"comment_status":"closed","ping_status":"closed","template":"","meta":{"pagelayer_contact_templates":[],"_pagelayer_content":"","footnotes":""},"class_list":["post-557","page","type-page","status-publish","hentry"],"_links":{"self":[{"href":"https:\/\/unpaz.tl\/tl\/wp-json\/wp\/v2\/pages\/557","targetHints":{"allow":["GET"]}}],"collection":[{"href":"https:\/\/unpaz.tl\/tl\/wp-json\/wp\/v2\/pages"}],"about":[{"href":"https:\/\/unpaz.tl\/tl\/wp-json\/wp\/v2\/types\/page"}],"author":[{"embeddable":true,"href":"https:\/\/unpaz.tl\/tl\/wp-json\/wp\/v2\/users\/1"}],"replies":[{"embeddable":true,"href":"https:\/\/unpaz.tl\/tl\/wp-json\/wp\/v2\/comments?post=557"}],"version-history":[{"count":26,"href":"https:\/\/unpaz.tl\/tl\/wp-json\/wp\/v2\/pages\/557\/revisions"}],"predecessor-version":[{"id":975,"href":"https:\/\/unpaz.tl\/tl\/wp-json\/wp\/v2\/pages\/557\/revisions\/975"}],"wp:attachment":[{"href":"https:\/\/unpaz.tl\/tl\/wp-json\/wp\/v2\/media?parent=557"}],"curies":[{"name":"wp","href":"https:\/\/api.w.org\/{rel}","templated":true}]}}