{"id":329,"date":"2025-09-26T10:14:57","date_gmt":"2025-09-26T10:14:57","guid":{"rendered":"https:\/\/unpaz.tl\/?page_id=329"},"modified":"2025-09-26T23:52:09","modified_gmt":"2025-09-26T23:52:09","slug":"structure","status":"publish","type":"page","link":"https:\/\/unpaz.tl\/tl\/structure\/","title":{"rendered":"Estrutura"},"content":{"rendered":"<p><img loading=\"lazy\" decoding=\"async\" class=\"aligncenter size-full wp-image-330\" src=\"https:\/\/unpaz.tl\/wp-content\/uploads\/2025\/09\/struktur.jpg\" alt=\"\" width=\"673\" height=\"466\" srcset=\"https:\/\/unpaz.tl\/wp-content\/uploads\/2025\/09\/struktur.jpg 673w, https:\/\/unpaz.tl\/wp-content\/uploads\/2025\/09\/struktur-300x208.jpg 300w, https:\/\/unpaz.tl\/wp-content\/uploads\/2025\/09\/struktur-18x12.jpg 18w\" sizes=\"auto, (max-width: 673px) 100vw, 673px\" \/><\/p>\r\n<p>&nbsp;<\/p>\r\n<p><span style=\"font-size: 14pt;\"><strong>\u00d3rgaun Administrasaun no Jestaun Administrativa<\/strong><\/span><\/p>\r\n<p style=\"text-align: justify;\"><span style=\"font-size: 14pt;\">Padraun lideransa ne\u2019eb\u00e9 UNPAZ aplika mak modelu partisipativu estrutur\u00e1l <em>(Teoria partisipativu estrutur\u00e1l lideransa nian)<\/em> ho karakter lideransa instrusaun no lideransa administrasaun. Sistema ne\u2019e, envolve partisipasaun husi subordinadu sira iha konsiderasaun ba desizaun sira ne\u2019eb\u00e9 atu foti husi Reit\u00f3r.\u00a0<\/span><\/p>\r\n<p style=\"text-align: justify;\"><span style=\"font-size: 14pt;\">Reit\u00f3r motiva subordinadu sira atu f\u00f3 partisipasaun no kontribuisaun iha revizaun ba desizaun ida-idak ho balansu. Iha teoria partisipativu, Reit\u00f3r iha direitu tomak atu hili ideia relevante sira kona-ba situasaun no kondisaun loloos.<\/span><\/p>\r\n<p style=\"text-align: justify;\"><span style=\"font-size: 14pt;\">Sistema jestaun ne\u2019eb\u00e9 uza iha UNPAZ maka sistema administrasaun estrutural. Dezde avaliasaun ikus, UNPAZ modifika nia sistema jestaun no organizasaun no estabelese divizaun servisu ne\u2019eb\u00e9 adekuadu inklui: servisu akad\u00e9miku, servisu administrasaun no finansa, asuntu estudante no servisu esternu, sentru peskiza no servisu komunit\u00e1riu no servisu garantia interna ho kualidade. Divizaun sira hotu iha ligasaun ba malu no mai hosi komandu ida de'it maka Reit\u00f3r.<\/span><\/p>\r\n<p style=\"text-align: justify;\"><span style=\"font-size: 14pt;\">Sistema administrasaun UNPAZ regula ona iha Estatutu no Manual Administrasaun UNPAZ nian. Reit\u00f3r foun no loloos eleitu iha 2019 no hah\u00fa 2019 UNPAZ aprezenta \u00f3rgaun governasaun foun ho Vise-Reit\u00f3r no Pro Reit\u00f3r sira. Agora daudaun iha Pro Reit\u00f3r na\u2019in lima (5) no Pro Reit\u00f3r na\u2019in rua (2) ne\u2019eb\u00e9 asiste Reit\u00f3r iha \u00e1rea oioin:<\/span><\/p>\r\n<ul>\r\n<li><span style=\"font-size: 14pt;\">Vise Reit\u00f3r ba Asuntu Internu no Esternu<\/span><\/li>\r\n<li><span style=\"font-size: 14pt;\">Pro Reit\u00f3r Administrasaun Jer\u00e1l no Finansas<\/span><\/li>\r\n<li><span style=\"font-size: 14pt;\">Vise Reit\u00f3r ba Asuntu Estudante<\/span><\/li>\r\n<li><span style=\"font-size: 14pt;\">Vise Reit\u00f3r ba Kooperasaun Esterna<\/span><\/li>\r\n<li><span style=\"font-size: 14pt;\">Vise Reit\u00f3r ba Programa P\u00f3s-Graduasaun<\/span><\/li>\r\n<li><span style=\"font-size: 14pt;\">Pro Reit\u00f3r  ba sentru Peskiza no Publikasaun<\/span><\/li>\r\n<li><span style=\"font-size: 14pt;\">Pro Reit\u00f3r ba Dezenvolvimentu Rekursu Umanu<\/span><\/li>\r\n<\/ul>\r\n<p style=\"text-align: justify;\"><span style=\"font-size: 14pt;\">Iha dekanu na\u2019in sia ne\u2019eb\u00e9 lidera nivel fakuldade no purvolta 20 Xefe Departamentu ne\u2019eb\u00e9 liga no superviziona diretamente husi Reit\u00f3r ne\u2019eb\u00e9 konsidera hanesan nivel estrutur\u00e1l. Iha m\u00f3s konsellu sira ne\u2019eb\u00e9 iha pap\u00e9l atu f\u00f3 konsellu ba Reit\u00f3r; Konsellu Jur\u00eddiku, Konsellu IQA, Konsellu Auditoria, Konsellu Dixiplin\u00e1r, Konsellu Pedagojia, Konsellu Konsellu no Seguransa.<\/span><\/p>","protected":false},"excerpt":{"rendered":"","protected":false},"author":1,"featured_media":0,"parent":0,"menu_order":0,"comment_status":"closed","ping_status":"closed","template":"","meta":{"pagelayer_contact_templates":[],"_pagelayer_content":"","footnotes":""},"class_list":["post-329","page","type-page","status-publish","hentry"],"_links":{"self":[{"href":"https:\/\/unpaz.tl\/tl\/wp-json\/wp\/v2\/pages\/329","targetHints":{"allow":["GET"]}}],"collection":[{"href":"https:\/\/unpaz.tl\/tl\/wp-json\/wp\/v2\/pages"}],"about":[{"href":"https:\/\/unpaz.tl\/tl\/wp-json\/wp\/v2\/types\/page"}],"author":[{"embeddable":true,"href":"https:\/\/unpaz.tl\/tl\/wp-json\/wp\/v2\/users\/1"}],"replies":[{"embeddable":true,"href":"https:\/\/unpaz.tl\/tl\/wp-json\/wp\/v2\/comments?post=329"}],"version-history":[{"count":4,"href":"https:\/\/unpaz.tl\/tl\/wp-json\/wp\/v2\/pages\/329\/revisions"}],"predecessor-version":[{"id":389,"href":"https:\/\/unpaz.tl\/tl\/wp-json\/wp\/v2\/pages\/329\/revisions\/389"}],"wp:attachment":[{"href":"https:\/\/unpaz.tl\/tl\/wp-json\/wp\/v2\/media?parent=329"}],"curies":[{"name":"wp","href":"https:\/\/api.w.org\/{rel}","templated":true}]}}