{"id":225,"date":"2025-09-25T16:11:49","date_gmt":"2025-09-25T16:11:49","guid":{"rendered":"https:\/\/unpaz.tl\/?page_id=225"},"modified":"2025-09-26T23:48:37","modified_gmt":"2025-09-26T23:48:37","slug":"history","status":"publish","type":"page","link":"https:\/\/unpaz.tl\/tl\/history\/","title":{"rendered":"Ist\u00f3ria"},"content":{"rendered":"<p><img loading=\"lazy\" decoding=\"async\" class=\"aligncenter  wp-image-176\" src=\"https:\/\/unpaz.tl\/wp-content\/uploads\/2025\/09\/IMG-20240625-WA0060-1024x576.jpg\" alt=\"\" width=\"647\" height=\"364\" srcset=\"https:\/\/unpaz.tl\/wp-content\/uploads\/2025\/09\/IMG-20240625-WA0060-1024x576.jpg 1024w, https:\/\/unpaz.tl\/wp-content\/uploads\/2025\/09\/IMG-20240625-WA0060-300x169.jpg 300w, https:\/\/unpaz.tl\/wp-content\/uploads\/2025\/09\/IMG-20240625-WA0060-768x432.jpg 768w, https:\/\/unpaz.tl\/wp-content\/uploads\/2025\/09\/IMG-20240625-WA0060-1536x864.jpg 1536w, https:\/\/unpaz.tl\/wp-content\/uploads\/2025\/09\/IMG-20240625-WA0060-2048x1152.jpg 2048w, https:\/\/unpaz.tl\/wp-content\/uploads\/2025\/09\/IMG-20240625-WA0060-18x10.jpg 18w\" sizes=\"auto, (max-width: 647px) 100vw, 647px\" \/><\/p>\r\n<p style=\"text-align: justify;\"><span style=\"font-family: 'times new roman', times, serif; font-size: 14pt;\">Universidade da Paz (UNPAZ) hanesan Universidade privadu ne\u2019eb\u00e9 harii iha loron 09 fulan Marsu tinan 2004 husi Fundasaun Neon Metin ne\u2019eb\u00e9 harii husi grupu Intelektual Timor Oan hafoin hetan ezonerasaun ba reit\u00f3r ho nia lideransa ne\u2019eb\u00e9 lidera Universidade Dili. Wainhira nia tuun (Prof. Dr. Lucas da Costa) husi nia kargu hanesan Reitor Universidade Dili, entaun nia ho nia belun maluk sira estabelese Universidade da Paz ho objetivu sira mak atu (1) halo ponte ba joven rihun ba rihun ne\u2019eb\u00e9 graduadu husi eskola sekund\u00e1ria sira ne\u2019eb\u00e9 iha intensaun atu kontinua sira nia estudu iha ensinu superi\u00f3r tinan balun liutiha Nasaun Timor Leste nia independ\u00e9nsia, (2) atu tulun sira nia osan iha Timor Leste nia fatin seluk nasaun sira no (3) atu fasilita sira ne'eb\u00e9 hakarak mantein sira nia obra sira enkuantu estuda. UNPAZ hanesan Instituisaun Superi\u00f3r ida ne'eb\u00e9 maka Universidade sira ne'eb\u00e9 maka akreditadu iha Timor-Leste no nia m\u00f3s ko\u00f1esidu hanesan universidade privadu ida ne'eb\u00e9 maka boot liu iha Timor-Leste ho estudante sira hamutuk 9000-11000 resin ho orientasaun hosi Dosente hamutuk 250 resin.<\/span><\/p>","protected":false},"excerpt":{"rendered":"","protected":false},"author":1,"featured_media":0,"parent":0,"menu_order":0,"comment_status":"closed","ping_status":"closed","template":"","meta":{"pagelayer_contact_templates":[],"_pagelayer_content":"","footnotes":""},"class_list":["post-225","page","type-page","status-publish","hentry"],"_links":{"self":[{"href":"https:\/\/unpaz.tl\/tl\/wp-json\/wp\/v2\/pages\/225","targetHints":{"allow":["GET"]}}],"collection":[{"href":"https:\/\/unpaz.tl\/tl\/wp-json\/wp\/v2\/pages"}],"about":[{"href":"https:\/\/unpaz.tl\/tl\/wp-json\/wp\/v2\/types\/page"}],"author":[{"embeddable":true,"href":"https:\/\/unpaz.tl\/tl\/wp-json\/wp\/v2\/users\/1"}],"replies":[{"embeddable":true,"href":"https:\/\/unpaz.tl\/tl\/wp-json\/wp\/v2\/comments?post=225"}],"version-history":[{"count":46,"href":"https:\/\/unpaz.tl\/tl\/wp-json\/wp\/v2\/pages\/225\/revisions"}],"predecessor-version":[{"id":387,"href":"https:\/\/unpaz.tl\/tl\/wp-json\/wp\/v2\/pages\/225\/revisions\/387"}],"wp:attachment":[{"href":"https:\/\/unpaz.tl\/tl\/wp-json\/wp\/v2\/media?parent=225"}],"curies":[{"name":"wp","href":"https:\/\/api.w.org\/{rel}","templated":true}]}}