{"id":156,"date":"2025-09-25T13:09:26","date_gmt":"2025-09-25T13:09:26","guid":{"rendered":"https:\/\/unpaz.tl\/services-4\/"},"modified":"2025-10-17T05:07:10","modified_gmt":"2025-10-17T05:07:10","slug":"services-4","status":"publish","type":"page","link":"https:\/\/unpaz.tl\/tl\/services-4\/","title":{"rendered":"Services"},"content":{"rendered":"<h2>Ami nia Oferta Akad\u00e9mika sira<\/h2>\n<p>Esplora fakuldade oioin iha UNPAZ, ne'eb\u00e9 deze\u00f1a atu haburas kreximentu edukasion\u00e1l no dezenvolvimentu abilidade profision\u00e1l iha dixiplina oioin.<\/p>\n\n\n\n\n\n\n\n\n\n\n\n\n\n\n\n<h2>Hasoru Ami nia reitor no Estrutura<\/h2>\n<p>Edukad\u00f3r peritu sira ne'eb\u00e9 dedika ba ita-boot nia susesu<\/p>\n\n\n\n\n\n\n<span style=\"font-size: 20px\">Reit\u00f3r Unpaz<\/span>\n<span style=\"font-size: 20px\">Vise Reit\u00f3r ba Asuntu Estudante<\/span>\n\n\n<span style=\"font-size: 20px\">Vise Reit\u00f3r ba Asuntu Internu no Esternu<\/span>\n<span style=\"font-size: 20px\">Vice Rector for Internal and External Affairs<\/span>\n\n\n<span style=\"font-size: 20px\">Pro Reit\u00f3r Administrasaun Jer\u00e1l no Finansas<\/span>\n<span style=\"font-size: 20px\">Vise Reit\u00f3r ba sentru Peskiza no Publikasaun<\/span>\n\n\n\n\n\n\n\n<h2>Opsaun sira kona-ba propinas ne'eb\u00e9 baratu<\/h2>\n<p>Investing in Your Future at UNPAZ<\/p>\n\n\n130\nBasic Plan\nPer Semester\n\n\nAccess to All Courses\nOne-on-One Academic Counseling\nCareer Services Assistance\nNetworking Opportunities\n\n\n\n\n150\nStandard Plan\nPer Semester\n\n\nAccess to All Courses\nOne-on-One Academic Counseling\nCareer Services Assistance\nNetworking Opportunities\n\n\n\n\n\n\n<h6>Deskobre ami nia kompromisu atu haburas dame, exel\u00e9nsia edukasion\u00e1l, no dezenvolvimentu sustent\u00e1vel.<\/h6>\n<h2>Kona-ba Universidade da Paz<\/h2>\n<p>UNPAZ dedikadu atu fornese esperi\u00e9nsia edukasion\u00e1l ida ne'eb\u00e9 transformativu ne'eb\u00e9 promove kreximentu peso\u00e1l no dezenvolvimentu profision\u00e1l enkuantu kontribui ba sosiedade ida ne'eb\u00e9 hakmatek.<\/p>\n\nInnovative Curriculum\nExperienced Faculty\nStudent-Centered Learning\nCareer Development Opportunities","protected":false},"excerpt":{"rendered":"","protected":false},"author":1,"featured_media":0,"parent":0,"menu_order":0,"comment_status":"closed","ping_status":"closed","template":"","meta":{"pagelayer_contact_templates":[],"_pagelayer_content":"","footnotes":""},"class_list":["post-156","page","type-page","status-publish","hentry"],"_links":{"self":[{"href":"https:\/\/unpaz.tl\/tl\/wp-json\/wp\/v2\/pages\/156","targetHints":{"allow":["GET"]}}],"collection":[{"href":"https:\/\/unpaz.tl\/tl\/wp-json\/wp\/v2\/pages"}],"about":[{"href":"https:\/\/unpaz.tl\/tl\/wp-json\/wp\/v2\/types\/page"}],"author":[{"embeddable":true,"href":"https:\/\/unpaz.tl\/tl\/wp-json\/wp\/v2\/users\/1"}],"replies":[{"embeddable":true,"href":"https:\/\/unpaz.tl\/tl\/wp-json\/wp\/v2\/comments?post=156"}],"version-history":[{"count":10,"href":"https:\/\/unpaz.tl\/tl\/wp-json\/wp\/v2\/pages\/156\/revisions"}],"predecessor-version":[{"id":937,"href":"https:\/\/unpaz.tl\/tl\/wp-json\/wp\/v2\/pages\/156\/revisions\/937"}],"wp:attachment":[{"href":"https:\/\/unpaz.tl\/tl\/wp-json\/wp\/v2\/media?parent=156"}],"curies":[{"name":"wp","href":"https:\/\/api.w.org\/{rel}","templated":true}]}}