{"id":154,"date":"2025-09-25T13:09:25","date_gmt":"2025-09-25T13:09:25","guid":{"rendered":"https:\/\/unpaz.tl\/home-4\/"},"modified":"2025-10-16T07:49:45","modified_gmt":"2025-10-16T07:49:45","slug":"home-4","status":"publish","type":"page","link":"https:\/\/unpaz.tl\/tl\/","title":{"rendered":"Home"},"content":{"rendered":"<h2>Karakter\u00edstika Xave sira husi Ami nia Instituisaun (UNPAZ)<\/h2>\n<p>Iha UNPAZ, ami orgullu ho ami nia kurr\u00edkulu inovativu, profes\u00f3r sira ne'eb\u00e9 iha esperi\u00e9nsia, no kompromisu atu fornese esperi\u00e9nsia edukasion\u00e1l ida ne'eb\u00e9 transformativu.<\/p>\n\n\n<span>Ami oferese kurr\u00edkulu ida ne'eb\u00e9 orienta ba merkadu ne'eb\u00e9 adapta atu hat\u00e1n ba nesesidade sira ind\u00fastria glob\u00e1l nian, hodi asegura katak ami nia estudante sira prontu ba forsa traballu bainhira gradua.<\/span>\n\n\n<span>Ami nia fakuldade kompostu husi peritu sira ho background no esperi\u00e9nsia oioin, dedikadu atu fornese ambiente aprendizajen ida ne'eb\u00e9 f\u00f3 apoiu ne'eb\u00e9 promove exel\u00eansia akad\u00e9mika.<\/span>\n\n\n<span>Ami f\u00f3 prioridade ba envolvimentu estudante nian no aprendizajen esperiensi\u00e1l liuhosi m\u00e9todu hanorin interativu no aplikasaun ko\u00f1esimentu iha mundu re\u00e1l.<\/span>\n\n\n\n\n<span>Ami fornese servisu dedikadu ba kareira, ajuda estudante sira hetan est\u00e1jiu, kolokasaun serbisu, no oportunidade sira rede nian iha sira nia \u00e1rea interese nian.<\/span>\n\n\n<span>Ami nia \u00e9nfaze ba peskiza enkoraja estudante sira atu envolve iha projetu inovativu sira ne'eb\u00e9 kontribui ba dezenvolvimentu komunit\u00e1riu no avansu sient\u00edfiku.<\/span>\n\n\n<span>UNPAZ komprometidu tebes atu serb\u00ed komunidade Timor-oan liuhosi divulgasaun edukasion\u00e1l no inisiativa responsabilidade sosi\u00e1l.<\/span>\n\n\n\n\n\n\n\n<h2>Karakter\u00edstika Xave sira husi Ami nia Instituisaun (UNPAZ)<\/h2>\n<p>Iha UNPAZ, ami orgullu ho ami nia kurr\u00edkulu inovativu, profes\u00f3r sira ne'eb\u00e9 iha esperi\u00e9nsia, no kompromisu atu fornese esperi\u00e9nsia edukasion\u00e1l ida ne'eb\u00e9 transformativu.<\/p>\n\n\n<span>Ami fornese servisu dedikadu ba kareira, ajuda estudante sira hetan est\u00e1jiu, kolokasaun serbisu, no oportunidade sira rede nian iha sira nia \u00e1rea interese nian.<\/span>\n\n\n<span>Ami nia \u00e9nfaze ba peskiza enkoraja estudante sira atu envolve iha projetu inovativu sira ne'eb\u00e9 kontribui ba dezenvolvimentu komunit\u00e1riu no avansu sient\u00edfiku.<\/span>\n\n\n<span>UNPAZ komprometidu tebes atu serb\u00ed komunidade Timor-oan liuhosi divulgasaun edukasion\u00e1l no inisiativa responsabilidade sosi\u00e1l.<\/span>\n\n\n\n\n\n\n\n<h2>Karakter\u00edstika Xave sira husi Ami nia Instituisaun (UNPAZ)<\/h2>\n<p>Iha UNPAZ, ami orgullu ho ami nia kurr\u00edkulu inovativu, profes\u00f3r sira ne'eb\u00e9 iha esperi\u00e9nsia, no kompromisu atu fornese esperi\u00e9nsia edukasion\u00e1l ida ne'eb\u00e9 transformativu.<\/p>\n\n\n<span>Ami nia fakuldade kompostu husi peritu sira ho background no esperi\u00e9nsia oioin, dedikadu atu fornese ambiente aprendizajen ida ne'eb\u00e9 f\u00f3 apoiu ne'eb\u00e9 promove exel\u00eansia akad\u00e9mika.<\/span>\n\n\n<span>Ami f\u00f3 prioridade ba envolvimentu estudante nian no aprendizajen esperiensi\u00e1l liuhosi m\u00e9todu hanorin interativu no aplikasaun ko\u00f1esimentu iha mundu re\u00e1l.<\/span>\n\n\n\n\n<span>Ami fornese servisu dedikadu ba kareira, ajuda estudante sira hetan est\u00e1jiu, kolokasaun serbisu, no oportunidade sira rede nian iha sira nia \u00e1rea interese nian.<\/span>\n\n\n<span>Ami nia \u00e9nfaze ba peskiza enkoraja estudante sira atu envolve iha projetu inovativu sira ne'eb\u00e9 kontribui ba dezenvolvimentu komunit\u00e1riu no avansu sient\u00edfiku.<\/span>\n\n\n<span>UNPAZ komprometidu tebes atu serb\u00ed komunidade Timor-oan liuhosi divulgasaun edukasion\u00e1l no inisiativa responsabilidade sosi\u00e1l.<\/span>\n\n\n\n\n\n\n\n\n\n<h6>Deskobre ami nia kompromisu atu haburas dame, exel\u00e9nsia edukasion\u00e1l, no dezenvolvimentu sustent\u00e1vel.<\/h6>\n<h2>Kona-ba Universidade da Paz<\/h2>\n<p>UNPAZ dedikadu atu fornese esperi\u00e9nsia edukasion\u00e1l ida ne'eb\u00e9 transformativu ne'eb\u00e9 promove kreximentu peso\u00e1l no dezenvolvimentu profision\u00e1l enkuantu kontribui ba sosiedade ida ne'eb\u00e9 hakmatek.<\/p>\n\nUndergraduate :\nFaculty of Economics\nFaculty of Law\nFaculty of Social Sciences and Human\nFaculty Of Public Health And Medical Sciences\nFaculty of Engineering\nFaculty Technology of Agricultural\nFaculty of Forestry\nMaster Program :\nInternational Relationship\nPublic Administration\nLaw Science\nBanking Management\nPublic Health\nAgriculture\nAccounting\n\n\n\n\n\n\n\n\n\n\n\n\n<h2>Prosesu Fluxu Servisu<\/h2>\n<p>Oinsa Ita Asegura Kualidade Edukasaun iha UNPAZ<\/p>\n\n\n<span>Hah\u00fa ita-boot nia viajen ho prosesu inskrisaun ida ne'eb\u00e9 fasil ne'eb\u00e9 deze\u00f1a atu prepara ita-boot ba susesu iha UNPAZ.<\/span>\n\n\n<span>Hili ita-boot nia kurr\u00edkulu ne'eb\u00e9 ita-boot hakarak ne'eb\u00e9 ali\u00f1a ho ita-boot nia objetivu no paixaun sira kareira nian.<\/span>\n\n\n<span>Esperi\u00e9nsia aprendizajen interativu no pr\u00e1tika ho profes\u00f3r peritu sira ne'eb\u00e9 orienta ita-boot iha etapa hotu-hotu.<\/span>\n\n\n\n\n\n\n\n<h2>&nbsp;reit\u00f3r no Estrutura<\/h2>\n<p>Edukad\u00f3r peritu sira ne'eb\u00e9 dedika ba ita-boot nia susesu<\/p>\n\n\n\n\n\n\n<span style=\"font-size: 20px\">Reit\u00f3r Unpaz<\/span>\n<span style=\"font-size: 20px\">Vise Reit\u00f3r ba Asuntu Estudante <\/span>\n\n\n<span style=\"font-size: 20px\">Vise Reit\u00f3r ba Asuntu Internu no Esternu <\/span>\n<span style=\"font-size: 20px\">Vice Rector for Internal and External Affairs <\/span>\n\n\n<span style=\"font-size: 20px\">Pro Reit\u00f3r Administrasaun Jer\u00e1l no Finansas<\/span>\n<span style=\"font-size: 20px\">Vise Reit\u00f3r ba sentru Peskiza no Publikasaun<\/span>\n\n\n\n\n\n\n\n<h2>Ami nia Projetu no Inisiativa sira<\/h2>\n<p>Esplora serbisu ne'eb\u00e9 ami halo ona no kontinua halo, hatudu ami nia kompromisu ba edukasaun no empoderamentu komunidade nian.<\/p>\n\n\n\n\n<h6 style=\"text-align: left;color: #ffffff;font-weight: 600\">Peskiza kona-ba Agrikultura Sustent\u00e1vel<\/h6>\n\n\n<h6 style=\"text-align: left;color: #ffffff;font-weight: 600\">Divulgasaun Sa\u00fade Komunit\u00e1ria<\/h6>\n\n\n<h6 style=\"text-align: left;color: #ffffff;font-weight: 600\">Programa Lideransa Juventude<\/h6>\n\n\n<h6 style=\"text-align: left;color: #ffffff;font-weight: 600\">Inovasaun iha Edukasaun<\/h6>\n\n\n\n\nEstudent Registration\n{&#8220;title&#8221;:&#8221;&#8221;,&#8221;slider_id&#8221;:&#8221;863&#8243;}\nReseach Project\n\n\n{&#8220;title&#8221;:&#8221;&#8221;,&#8221;slider_id&#8221;:&#8221;873&#8243;}\n\n\n\n\n\n\n\n\n\n\n\n\n\n\n\n\n\n\n\n\n\n\n\n\n\n\n\n\n\n\n\n\n<h6><span class=\"heading02\">Saida maka ami nia estudante sira hatete<\/span><\/h6>\n<h2>Sasin sira husi Ami nia Graduadu sira<\/h2>\n\n\nThis university has truly transformed my life and opened countless doors for my future. The education I received at UNPAZ was invaluable!\n\n\n\n\n\nMy experience at UNPAZ was phenomenal! The support from faculty and staff was extraordinary, and the skills I developed have been essential in my career.\n\n\n\n\n\nUNPAZ provided me with a solid foundation in my studies and encouraged me to participate in various extracurricular activities that enhanced my skills.","protected":false},"excerpt":{"rendered":"","protected":false},"author":1,"featured_media":0,"parent":0,"menu_order":0,"comment_status":"closed","ping_status":"closed","template":"","meta":{"pagelayer_contact_templates":[],"_pagelayer_content":"","footnotes":""},"class_list":["post-154","page","type-page","status-publish","hentry"],"_links":{"self":[{"href":"https:\/\/unpaz.tl\/tl\/wp-json\/wp\/v2\/pages\/154","targetHints":{"allow":["GET"]}}],"collection":[{"href":"https:\/\/unpaz.tl\/tl\/wp-json\/wp\/v2\/pages"}],"about":[{"href":"https:\/\/unpaz.tl\/tl\/wp-json\/wp\/v2\/types\/page"}],"author":[{"embeddable":true,"href":"https:\/\/unpaz.tl\/tl\/wp-json\/wp\/v2\/users\/1"}],"replies":[{"embeddable":true,"href":"https:\/\/unpaz.tl\/tl\/wp-json\/wp\/v2\/comments?post=154"}],"version-history":[{"count":59,"href":"https:\/\/unpaz.tl\/tl\/wp-json\/wp\/v2\/pages\/154\/revisions"}],"predecessor-version":[{"id":970,"href":"https:\/\/unpaz.tl\/tl\/wp-json\/wp\/v2\/pages\/154\/revisions\/970"}],"wp:attachment":[{"href":"https:\/\/unpaz.tl\/tl\/wp-json\/wp\/v2\/media?parent=154"}],"curies":[{"name":"wp","href":"https:\/\/api.w.org\/{rel}","templated":true}]}}