{"id":150,"date":"2025-09-25T13:09:24","date_gmt":"2025-09-25T13:09:24","guid":{"rendered":"https:\/\/unpaz.tl\/about-4\/"},"modified":"2025-10-02T09:09:09","modified_gmt":"2025-10-02T09:09:09","slug":"about-4","status":"publish","type":"page","link":"https:\/\/unpaz.tl\/tl\/about-4\/","title":{"rendered":"Kona-ba"},"content":{"rendered":"<h2>Kona-ba Universidade da Paz<\/h2>\n<p>UNPAZ dedikadu atu fornese esperi\u00e9nsia edukasion\u00e1l ida ne'eb\u00e9 transformativu ne'eb\u00e9 promove kreximentu peso\u00e1l no dezenvolvimentu profision\u00e1l enkuantu kontribui ba sosiedade ida ne'eb\u00e9 hakmatek.<\/p>\nWe offer a market-driven curriculum tailored to meet the needs of global industries, ensuring our students are workforce-ready upon graduation.\nOur faculty consists of experts with diverse backgrounds and experiences, dedicated to providing a supportive learning environment that promotes academic excellence.\n\n\n\n\n\n\n<h2>Ami nia Prosesu Fluxu Servisu nian<\/h2>\n<p>Oinsa Ita Asegura Kualidade Edukasaun iha UNPAZ<\/p>\n\n\n<span>Hah\u00fa ita-boot nia viajen ho prosesu inskrisaun ida ne'eb\u00e9 fasil ne'eb\u00e9 deze\u00f1a atu prepara ita-boot ba susesu iha UNPAZ.<\/span>\n\n\n<span>Hili ita-boot nia kurr\u00edkulu ne'eb\u00e9 ita-boot hakarak ne'eb\u00e9 ali\u00f1a ho ita-boot nia objetivu no paixaun sira kareira nian.<\/span>\n\n\n<span>Esperi\u00e9nsia aprendizajen interativu no pr\u00e1tika ho profes\u00f3r peritu sira ne'eb\u00e9 orienta ita-boot iha etapa hotu-hotu.<\/span>\n\n\n\n\n\n\n\n\n{&#8220;title&#8221;:&#8221;&#8221;,&#8221;slider_id&#8221;:&#8221;683&#8243;}\n\n\n\n&#8220;Universidade da Paz is a space for learning, research, and service that produces a generation of intelligent young people with integrity, ready to build the nation&#8217;s future.&#8221;\n&#8220;Together with UNPAZ, we build knowledge, peace, and progress for Timor-Leste and the world.&#8221;\n&#8220;Universidade da Paz is a symbol of hope and commitment to higher education that is high-quality, character-based, and globally competitive.&#8221;\n\n\n\n\n\n\n\n\n\n\n\n\n\n\n\n\n\n\n\n\n\n\n\n\n\n\n\n\n\n\n\n\n<h2>Sasin sira husi Ami nia Graduadu sira<\/h2>\n\n\nThis university has truly transformed my life and opened countless doors for my future. The education I received at UNPAZ was invaluable!\n\n\n\n\n\nMy experience at UNPAZ was phenomenal! The support from faculty and staff was extraordinary, and the skills I developed have been essential in my career.\n\n\n\n\n\nUNPAZ provided me with a solid foundation in my studies and encouraged me to participate in various extracurricular activities that enhanced my skills.","protected":false},"excerpt":{"rendered":"","protected":false},"author":1,"featured_media":0,"parent":0,"menu_order":0,"comment_status":"closed","ping_status":"closed","template":"","meta":{"pagelayer_contact_templates":[],"_pagelayer_content":"","footnotes":""},"class_list":["post-150","page","type-page","status-publish","hentry"],"_links":{"self":[{"href":"https:\/\/unpaz.tl\/tl\/wp-json\/wp\/v2\/pages\/150","targetHints":{"allow":["GET"]}}],"collection":[{"href":"https:\/\/unpaz.tl\/tl\/wp-json\/wp\/v2\/pages"}],"about":[{"href":"https:\/\/unpaz.tl\/tl\/wp-json\/wp\/v2\/types\/page"}],"author":[{"embeddable":true,"href":"https:\/\/unpaz.tl\/tl\/wp-json\/wp\/v2\/users\/1"}],"replies":[{"embeddable":true,"href":"https:\/\/unpaz.tl\/tl\/wp-json\/wp\/v2\/comments?post=150"}],"version-history":[{"count":17,"href":"https:\/\/unpaz.tl\/tl\/wp-json\/wp\/v2\/pages\/150\/revisions"}],"predecessor-version":[{"id":795,"href":"https:\/\/unpaz.tl\/tl\/wp-json\/wp\/v2\/pages\/150\/revisions\/795"}],"wp:attachment":[{"href":"https:\/\/unpaz.tl\/tl\/wp-json\/wp\/v2\/media?parent=150"}],"curies":[{"name":"wp","href":"https:\/\/api.w.org\/{rel}","templated":true}]}}